{"id":6051,"date":"2022-10-08T12:23:55","date_gmt":"2022-10-08T10:23:55","guid":{"rendered":"https:\/\/litigopartners.com\/david-martinez-posts\/"},"modified":"2023-04-12T09:35:04","modified_gmt":"2023-04-12T07:35:04","slug":"david-martinez-posts","status":"publish","type":"page","link":"https:\/\/litigopartners.com\/en\/david-martinez-posts\/","title":{"rendered":"David Mart\u00ednez Posts"},"content":{"rendered":"\n<section class=\"wp-block-uagb-section uagb-section__wrap uagb-section__background-color uagb-block-e54d1a82 author-posts-litigo\"><div class=\"uagb-section__overlay\"><\/div><div class=\"uagb-section__inner-wrap\">\n<div class=\"wp-block-columns author-posts-litigo-clm david-martnez is-layout-flex wp-container-core-columns-is-layout-28f84493 wp-block-columns-is-layout-flex\">\n<div class=\"wp-block-column is-layout-flow wp-block-column-is-layout-flow\">\n<div style=\"height:70px\" aria-hidden=\"true\" class=\"wp-block-spacer\"><\/div>\n\n\n\n<div class=\"wp-block-uagb-advanced-heading uagb-block-ace92b3c posts-author-line-header\"><h2 class=\"uagb-heading-text\">Publications<\/h2><\/div>\n\n\n\n<div style=\"height:50px\" aria-hidden=\"true\" class=\"wp-block-spacer\"><\/div>\n\n\n\n<div class=\"wp-block-uagb-advanced-heading uagb-block-034a3398\"><h2 class=\"uagb-heading-text\"><a href=\"https:\/\/litigopartners.com\/davidmartinez\/\">David Mart\u00ednez<\/a><\/h2><p class=\"uagb-desc-text\">Spanish Abogado<\/p><\/div>\n\n\n\n<div style=\"height:50px\" aria-hidden=\"true\" class=\"wp-block-spacer\"><\/div>\n<\/div>\n\n\n\n<div class=\"wp-block-column is-layout-flow wp-block-column-is-layout-flow\">\n<div class=\"wp-block-uagb-image uagb-block-0eeea34d wp-block-uagb-image--layout-default wp-block-uagb-image--effect-static wp-block-uagb-image--align-right\"><figure class=\"wp-block-uagb-image__figure\"><img loading=\"lazy\" decoding=\"async\" srcset=\"https:\/\/litigopartners.com\/wp-content\/uploads\/2022\/10\/david-martinez-toledo-litigo-partners.jpg \" src=\"https:\/\/litigopartners.com\/wp-content\/uploads\/2022\/10\/david-martinez-toledo-litigo-partners.jpg\" alt=\"\" class=\"uag-image-4857\" width=\"450\" height=\"450\" title=\"\"\/><\/figure><\/div>\n<\/div>\n<\/div>\n<\/div><\/section>\n\n\n\n<div style=\"height:100px\" aria-hidden=\"true\" class=\"wp-block-spacer\"><\/div>\n\n\n\n<section class=\"wp-block-uagb-section uagb-section__wrap uagb-section__background-none uagb-block-8d2ffa7d litigo-blogposts\"><div class=\"uagb-section__overlay\"><\/div><div class=\"uagb-section__inner-wrap\">\n<div class=\"wp-block-columns is-layout-flex wp-container-core-columns-is-layout-28f84493 wp-block-columns-is-layout-flex\">\n<div class=\"wp-block-column is-layout-flow wp-block-column-is-layout-flow\">\n\t\t\t<div class=\"wp-block-uagb-post-grid uagb-post-grid  uagb-post__image-position-top uagb-post__image-enabled uagb-block-c360fb36     uagb-post__items uagb-post__columns-3 is-grid uagb-post__columns-tablet-2 uagb-post__columns-mobile-1 uagb-post__equal-height\" data-total=\"1\" style=\"\">\n\n\t\t\t\t\t\t\t\t\t\t\t\t<article class=\"uagb-post__inner-wrap\">\t\t\t\t\t\t\t\t<div class='uagb-post__image'>\n\t\t\t\t\t\t\t\t\t<a href=\"https:\/\/litigopartners.com\/en\/the-collapse-of-credit-suisse-and-its-takeover-by-ubs\/\" target=\"_self\" rel=\"bookmark noopener noreferrer\" class='uagb-image-ratio-inherit'><img loading=\"lazy\" decoding=\"async\" width=\"640\" height=\"426\" src=\"https:\/\/litigopartners.com\/wp-content\/uploads\/2023\/03\/pexels-george-becker-129742.jpg\" class=\"attachment-large size-large\" alt=\"\" srcset=\"https:\/\/litigopartners.com\/wp-content\/uploads\/2023\/03\/pexels-george-becker-129742.jpg 640w, https:\/\/litigopartners.com\/wp-content\/uploads\/2023\/03\/pexels-george-becker-129742-300x200.jpg 300w\" sizes=\"auto, (max-width: 640px) 100vw, 640px\" \/>\t\t\t\t\t<\/a>\n\t\t\t\t\t\t\t<\/div>\n\t\t\t\t\t\t<h4 class=\"uagb-post__title uagb-post__text\">\n\t\t\t\t<a href=\"https:\/\/litigopartners.com\/en\/the-collapse-of-credit-suisse-and-its-takeover-by-ubs\/\" target=\"_self\" rel=\"bookmark noopener noreferrer\">The collapse of Credit Suisse and its takeover by UBS<\/a>\n\t\t\t<\/h4>\n\t\t\t\t\t\t<div class='uagb-post__text uagb-post-grid-byline'>\n\t\t\t\t\t\t\t\t<time datetime=\"2023-03-21T11:59:20+01:00\" class=\"uagb-post__date\">\n\t\t\t\t\t\t\t\t\tMarch 21, 2023\t\t\t\t<\/time>\n\t\t\t\t\t\t\t<div class=\"uagb-post__text\">\n\t\t\t\t\t<span class='uagb-post__taxonomy'>\n\t\t\t\t\t\t\t\t\t\t\t\t<a href=\"https:\/\/litigopartners.com\/en\/.\/david-martinez\/\">David Martinez<\/a>,&nbsp;<a href=\"https:\/\/litigopartners.com\/en\/.\/litigacion-bancaria-y-financiera-en\/\">Litigaci\u00f3n bancaria y financiera<\/a>,&nbsp;<a href=\"https:\/\/litigopartners.com\/en\/.\/litigation-finance\/\">Litigation finance<\/a>\t\t\t\t\t<\/span>\n\t\t\t\t<\/div>\n\t\t\t\t\t\t\t<\/div>\n\t\t\t\t\t\t\t<div class='uagb-post__text uagb-post__excerpt'>\n\t\t\t\t\t<p>By now we have all read the news of the collapse of Credit Suisse and its takeover by UBS. This&#8230;\t\t\t\t<\/div>\n\t\t\t\t\t\t<div class=\"uagb-post__text uagb-post__cta wp-block-button\">\n\t\t\t\t<a class=\"wp-block-button__link uagb-text-link\" style=\"\" href=\"https:\/\/litigopartners.com\/en\/the-collapse-of-credit-suisse-and-its-takeover-by-ubs\/\" target=\"_self\" rel=\"bookmark noopener noreferrer\">READ MORE<\/a>\n\t\t\t<\/div>\n\t\t\t\n\t\t\t\t\t\t\t\t\t<\/article>\n\t\t\t\t\t\t\t\t\t\t\t\t\t\t\t\t<article class=\"uagb-post__inner-wrap\">\t\t\t\t\t\t\t\t<div class='uagb-post__image'>\n\t\t\t\t\t\t\t\t\t<a href=\"https:\/\/litigopartners.com\/en\/five-important-questions-for-litigants-and-parties-ahead-of-courts-clerksstrike-in-spain\/\" target=\"_self\" rel=\"bookmark noopener noreferrer\" class='uagb-image-ratio-inherit'><img loading=\"lazy\" decoding=\"async\" width=\"1024\" height=\"810\" src=\"https:\/\/litigopartners.com\/wp-content\/uploads\/2023\/02\/Huelga-LAJ-1024x810.jpeg\" class=\"attachment-large size-large\" alt=\"\" srcset=\"https:\/\/litigopartners.com\/wp-content\/uploads\/2023\/02\/Huelga-LAJ-1024x810.jpeg 1024w, https:\/\/litigopartners.com\/wp-content\/uploads\/2023\/02\/Huelga-LAJ-300x237.jpeg 300w, https:\/\/litigopartners.com\/wp-content\/uploads\/2023\/02\/Huelga-LAJ-768x607.jpeg 768w, https:\/\/litigopartners.com\/wp-content\/uploads\/2023\/02\/Huelga-LAJ.jpeg 1366w\" sizes=\"auto, (max-width: 1024px) 100vw, 1024px\" \/>\t\t\t\t\t<\/a>\n\t\t\t\t\t\t\t<\/div>\n\t\t\t\t\t\t<h4 class=\"uagb-post__title uagb-post__text\">\n\t\t\t\t<a href=\"https:\/\/litigopartners.com\/en\/five-important-questions-for-litigants-and-parties-ahead-of-courts-clerksstrike-in-spain\/\" target=\"_self\" rel=\"bookmark noopener noreferrer\">Five important questions for litigants and parties ahead of Courts Clerks\u00b4strike in Spain<\/a>\n\t\t\t<\/h4>\n\t\t\t\t\t\t<div class='uagb-post__text uagb-post-grid-byline'>\n\t\t\t\t\t\t\t\t<time datetime=\"2023-02-14T17:40:45+01:00\" class=\"uagb-post__date\">\n\t\t\t\t\t\t\t\t\tFebruary 14, 2023\t\t\t\t<\/time>\n\t\t\t\t\t\t\t<div class=\"uagb-post__text\">\n\t\t\t\t\t<span class='uagb-post__taxonomy'>\n\t\t\t\t\t\t\t\t\t\t\t\t<a href=\"https:\/\/litigopartners.com\/en\/.\/civil-and-commercial-litigation\/\">Civil and commercial litigation<\/a>,&nbsp;<a href=\"https:\/\/litigopartners.com\/en\/.\/david-martinez\/\">David Martinez<\/a>,&nbsp;<a href=\"https:\/\/litigopartners.com\/en\/.\/josep-galvez\/\">Josep Galvez<\/a>\t\t\t\t\t<\/span>\n\t\t\t\t<\/div>\n\t\t\t\t\t\t\t<\/div>\n\t\t\t\t\t\t\t<div class='uagb-post__text uagb-post__excerpt'>\n\t\t\t\t\t<p>\ud835\uddea\ud835\uddd4\ud835\udde5\ud835\udde1\ud835\udddc\ud835\udde1\ud835\uddda \ud835\udde7\ud835\udde2 \ud835\udddf\ud835\udddc\ud835\udde7\ud835\udddc\ud835\uddda\ud835\uddd4\ud835\udde1\ud835\udde7\ud835\udde6 \ud835\uddd5\ud835\uddd8\ud835\uddd9\ud835\udde2\ud835\udde5\ud835\uddd8 \ud835\udde7\ud835\udddb\ud835\uddd8 \ud835\udde6\ud835\udde3\ud835\uddd4\ud835\udde1\ud835\udddc\ud835\udde6\ud835\udddb \ud835\uddd6\ud835\udde2\ud835\udde8\ud835\udde5\ud835\udde7\ud835\udde6 &#8211; \ud835\udff0\ud835\ude01\ud835\uddf5 \ud835\ude04\ud835\uddf2\ud835\uddf2\ud835\uddf8 \ud835\uddfc\ud835\uddf3 \ud835\ude01\ud835\uddf5\ud835\uddf2 \ud835\udde6\ud835\uddfd\ud835\uddee\ud835\uddfb\ud835\uddf6\ud835\ude00\ud835\uddf5 \ud835\uddf0\ud835\uddfc\ud835\ude02\ud835\uddff\ud835\ude01 \ud835\uddf0\ud835\uddf9\ud835\uddf2\ud835\uddff\ud835\uddf8&#8217;\ud835\ude00 \ud835\ude00\ud835\ude01\ud835\uddff\ud835\uddf6\ud835\uddf8\ud835\uddf2. At the end of&#8230;\t\t\t\t<\/div>\n\t\t\t\t\t\t<div class=\"uagb-post__text uagb-post__cta wp-block-button\">\n\t\t\t\t<a class=\"wp-block-button__link uagb-text-link\" style=\"\" href=\"https:\/\/litigopartners.com\/en\/five-important-questions-for-litigants-and-parties-ahead-of-courts-clerksstrike-in-spain\/\" target=\"_self\" rel=\"bookmark noopener noreferrer\">READ MORE<\/a>\n\t\t\t<\/div>\n\t\t\t\n\t\t\t\t\t\t\t\t\t<\/article>\n\t\t\t\t\t\t\t\t\t\t\t\t\t\t\t\t<article class=\"uagb-post__inner-wrap\">\t\t\t\t\t\t\t\t<div class='uagb-post__image'>\n\t\t\t\t\t\t\t\t\t<a href=\"https:\/\/litigopartners.com\/en\/galvez-pascual-partners-josep-galvez-and-david-martinez-secure-a-landmark-judgement-in-ma-post-closing-claim-against-vendors\/\" target=\"_self\" rel=\"bookmark noopener noreferrer\" class='uagb-image-ratio-inherit'><img loading=\"lazy\" decoding=\"async\" width=\"1024\" height=\"682\" src=\"https:\/\/litigopartners.com\/wp-content\/uploads\/2022\/09\/pexels-pixabay-2363-1024x682.jpeg\" class=\"attachment-large size-large\" alt=\"\" srcset=\"https:\/\/litigopartners.com\/wp-content\/uploads\/2022\/09\/pexels-pixabay-2363-1024x682.jpeg 1024w, https:\/\/litigopartners.com\/wp-content\/uploads\/2022\/09\/pexels-pixabay-2363-300x200.jpeg 300w, https:\/\/litigopartners.com\/wp-content\/uploads\/2022\/09\/pexels-pixabay-2363-768x512.jpeg 768w, https:\/\/litigopartners.com\/wp-content\/uploads\/2022\/09\/pexels-pixabay-2363.jpeg 1280w\" sizes=\"auto, (max-width: 1024px) 100vw, 1024px\" \/>\t\t\t\t\t<\/a>\n\t\t\t\t\t\t\t<\/div>\n\t\t\t\t\t\t<h4 class=\"uagb-post__title uagb-post__text\">\n\t\t\t\t<a href=\"https:\/\/litigopartners.com\/en\/galvez-pascual-partners-josep-galvez-and-david-martinez-secure-a-landmark-judgement-in-ma-post-closing-claim-against-vendors\/\" target=\"_self\" rel=\"bookmark noopener noreferrer\">G\u00e1lvez Pascual partners, Josep G\u00e1lvez and David Mart\u00ednez secure a landmark judgement in M&#038;A post-closing claim against vendors<\/a>\n\t\t\t<\/h4>\n\t\t\t\t\t\t<div class='uagb-post__text uagb-post-grid-byline'>\n\t\t\t\t\t\t\t\t<time datetime=\"2022-09-21T17:38:04+02:00\" class=\"uagb-post__date\">\n\t\t\t\t\t\t\t\t\tSeptember 21, 2022\t\t\t\t<\/time>\n\t\t\t\t\t\t\t<div class=\"uagb-post__text\">\n\t\t\t\t\t<span class='uagb-post__taxonomy'>\n\t\t\t\t\t\t\t\t\t\t\t\t<a href=\"https:\/\/litigopartners.com\/en\/.\/david-martinez\/\">David Martinez<\/a>,&nbsp;<a href=\"https:\/\/litigopartners.com\/en\/.\/josep-galvez\/\">Josep Galvez<\/a>,&nbsp;<a href=\"https:\/\/litigopartners.com\/en\/.\/litigios-derivados-de-compraventa-de-empresas-ma-en\/\">Litigios derivados de compraventa de empresas (M&amp;A)<\/a>,&nbsp;<a href=\"https:\/\/litigopartners.com\/en\/.\/ma-disputes\/\">M&amp;A Disputes<\/a>\t\t\t\t\t<\/span>\n\t\t\t\t<\/div>\n\t\t\t\t\t\t\t<\/div>\n\t\t\t\t\t\t\t<div class='uagb-post__text uagb-post__excerpt'>\n\t\t\t\t\t<p>Galvez Pascual partners Josep Galvez and David Martinez have obtained a relevant judgement representing the purchasers in a dispute following&#8230;\t\t\t\t<\/div>\n\t\t\t\t\t\t<div class=\"uagb-post__text uagb-post__cta wp-block-button\">\n\t\t\t\t<a class=\"wp-block-button__link uagb-text-link\" style=\"\" href=\"https:\/\/litigopartners.com\/en\/galvez-pascual-partners-josep-galvez-and-david-martinez-secure-a-landmark-judgement-in-ma-post-closing-claim-against-vendors\/\" target=\"_self\" rel=\"bookmark noopener noreferrer\">READ MORE<\/a>\n\t\t\t<\/div>\n\t\t\t\n\t\t\t\t\t\t\t\t\t<\/article>\n\t\t\t\t\t\t\t\t\t\t\t\t\t\t\t\t<article class=\"uagb-post__inner-wrap\">\t\t\t\t\t\t\t\t<div class='uagb-post__image'>\n\t\t\t\t\t\t\t\t\t<a href=\"https:\/\/litigopartners.com\/en\/legal-battle-for-venezuelas-gold-continues\/\" target=\"_self\" rel=\"bookmark noopener noreferrer\" class='uagb-image-ratio-inherit'><img loading=\"lazy\" decoding=\"async\" width=\"780\" height=\"438\" src=\"https:\/\/litigopartners.com\/wp-content\/uploads\/2021\/11\/lingotes-oro.webp\" class=\"attachment-large size-large\" alt=\"\" srcset=\"https:\/\/litigopartners.com\/wp-content\/uploads\/2021\/11\/lingotes-oro.webp 780w, https:\/\/litigopartners.com\/wp-content\/uploads\/2021\/11\/lingotes-oro-300x168.webp 300w, https:\/\/litigopartners.com\/wp-content\/uploads\/2021\/11\/lingotes-oro-768x431.webp 768w\" sizes=\"auto, (max-width: 780px) 100vw, 780px\" \/>\t\t\t\t\t<\/a>\n\t\t\t\t\t\t\t<\/div>\n\t\t\t\t\t\t<h4 class=\"uagb-post__title uagb-post__text\">\n\t\t\t\t<a href=\"https:\/\/litigopartners.com\/en\/legal-battle-for-venezuelas-gold-continues\/\" target=\"_self\" rel=\"bookmark noopener noreferrer\">Legal battle for Venezuela&#8217;s gold continues.<\/a>\n\t\t\t<\/h4>\n\t\t\t\t\t\t<div class='uagb-post__text uagb-post-grid-byline'>\n\t\t\t\t\t\t\t\t<time datetime=\"2021-11-22T11:20:00+01:00\" class=\"uagb-post__date\">\n\t\t\t\t\t\t\t\t\tNovember 22, 2021\t\t\t\t<\/time>\n\t\t\t\t\t\t\t<div class=\"uagb-post__text\">\n\t\t\t\t\t<span class='uagb-post__taxonomy'>\n\t\t\t\t\t\t\t\t\t\t\t\t<a href=\"https:\/\/litigopartners.com\/en\/.\/david-martinez\/\">David Martinez<\/a>,&nbsp;<a href=\"https:\/\/litigopartners.com\/en\/.\/international-arbitration-en\/\">International arbitration<\/a>\t\t\t\t\t<\/span>\n\t\t\t\t<\/div>\n\t\t\t\t\t\t\t<\/div>\n\t\t\t\t\t\t\t<div class='uagb-post__text uagb-post__excerpt'>\n\t\t\t\t\t<p>The exciting $1.95 billion dispute for the gold reserves held by the Bank of England continued last Friday with an&#8230;\t\t\t\t<\/div>\n\t\t\t\t\t\t<div class=\"uagb-post__text uagb-post__cta wp-block-button\">\n\t\t\t\t<a class=\"wp-block-button__link uagb-text-link\" style=\"\" href=\"https:\/\/litigopartners.com\/en\/legal-battle-for-venezuelas-gold-continues\/\" target=\"_self\" rel=\"bookmark noopener noreferrer\">READ MORE<\/a>\n\t\t\t<\/div>\n\t\t\t\n\t\t\t\t\t\t\t\t\t<\/article>\n\t\t\t\t\t\t\t\t\t\t\t\t\t<div class=\"uagb-post-pagination-wrap\">\n\t\t\t\t\t\t\t\t\t\t\t<\/div>\n\t\t\t\t\t\t\t\t<\/div>\n\t\t\t<\/div>\n<\/div>\n<\/div><\/section>\n","protected":false},"excerpt":{"rendered":"","protected":false},"author":4,"featured_media":0,"parent":0,"menu_order":0,"comment_status":"closed","ping_status":"closed","template":"","meta":{"_uag_custom_page_level_css":"","site-sidebar-layout":"default","site-content-layout":"","ast-site-content-layout":"default","site-content-style":"default","site-sidebar-style":"default","ast-global-header-display":"","ast-banner-title-visibility":"","ast-main-header-display":"","ast-hfb-above-header-display":"","ast-hfb-below-header-display":"","ast-hfb-mobile-header-display":"","site-post-title":"disabled","ast-breadcrumbs-content":"","ast-featured-img":"","footer-sml-layout":"","ast-disable-related-posts":"","theme-transparent-header-meta":"","adv-header-id-meta":"","stick-header-meta":"","header-above-stick-meta":"","header-main-stick-meta":"","header-below-stick-meta":"","astra-migrate-meta-layouts":"default","ast-page-background-enabled":"default","ast-page-background-meta":{"desktop":{"background-color":"var(--ast-global-color-4)","background-image":"","background-repeat":"repeat","background-position":"center center","background-size":"auto","background-attachment":"scroll","background-type":"","background-media":"","overlay-type":"","overlay-color":"","overlay-opacity":"","overlay-gradient":""},"tablet":{"background-color":"","background-image":"","background-repeat":"repeat","background-position":"center center","background-size":"auto","background-attachment":"scroll","background-type":"","background-media":"","overlay-type":"","overlay-color":"","overlay-opacity":"","overlay-gradient":""},"mobile":{"background-color":"","background-image":"","background-repeat":"repeat","background-position":"center center","background-size":"auto","background-attachment":"scroll","background-type":"","background-media":"","overlay-type":"","overlay-color":"","overlay-opacity":"","overlay-gradient":""}},"ast-content-background-meta":{"desktop":{"background-color":"var(--ast-global-color-5)","background-image":"","background-repeat":"repeat","background-position":"center center","background-size":"auto","background-attachment":"scroll","background-type":"","background-media":"","overlay-type":"","overlay-color":"","overlay-opacity":"","overlay-gradient":""},"tablet":{"background-color":"var(--ast-global-color-5)","background-image":"","background-repeat":"repeat","background-position":"center center","background-size":"auto","background-attachment":"scroll","background-type":"","background-media":"","overlay-type":"","overlay-color":"","overlay-opacity":"","overlay-gradient":""},"mobile":{"background-color":"var(--ast-global-color-5)","background-image":"","background-repeat":"repeat","background-position":"center center","background-size":"auto","background-attachment":"scroll","background-type":"","background-media":"","overlay-type":"","overlay-color":"","overlay-opacity":"","overlay-gradient":""}},"footnotes":""},"ppma_author":[53],"class_list":["post-6051","page","type-page","status-publish","hentry"],"uagb_featured_image_src":{"full":false,"thumbnail":false,"medium":false,"medium_large":false,"large":false,"1536x1536":false,"2048x2048":false},"uagb_author_info":{"display_name":"Press","author_link":"https:\/\/litigopartners.com\/en\/author\/press\/"},"uagb_comment_info":0,"uagb_excerpt":null,"_links":{"self":[{"href":"https:\/\/litigopartners.com\/en\/wp-json\/wp\/v2\/pages\/6051","targetHints":{"allow":["GET"]}}],"collection":[{"href":"https:\/\/litigopartners.com\/en\/wp-json\/wp\/v2\/pages"}],"about":[{"href":"https:\/\/litigopartners.com\/en\/wp-json\/wp\/v2\/types\/page"}],"author":[{"embeddable":true,"href":"https:\/\/litigopartners.com\/en\/wp-json\/wp\/v2\/users\/4"}],"replies":[{"embeddable":true,"href":"https:\/\/litigopartners.com\/en\/wp-json\/wp\/v2\/comments?post=6051"}],"version-history":[{"count":2,"href":"https:\/\/litigopartners.com\/en\/wp-json\/wp\/v2\/pages\/6051\/revisions"}],"predecessor-version":[{"id":6070,"href":"https:\/\/litigopartners.com\/en\/wp-json\/wp\/v2\/pages\/6051\/revisions\/6070"}],"wp:attachment":[{"href":"https:\/\/litigopartners.com\/en\/wp-json\/wp\/v2\/media?parent=6051"}],"wp:term":[{"taxonomy":"author","embeddable":true,"href":"https:\/\/litigopartners.com\/en\/wp-json\/wp\/v2\/ppma_author?post=6051"}],"curies":[{"name":"wp","href":"https:\/\/api.w.org\/{rel}","templated":true}]}}